{"id":7114,"date":"2022-06-20T17:43:04","date_gmt":"2022-06-20T15:43:04","guid":{"rendered":"https:\/\/epargnevision.ch\/formulario-de-credito-simples\/"},"modified":"2023-01-26T11:51:20","modified_gmt":"2023-01-26T09:51:20","slug":"formulario-de-credito-simples","status":"publish","type":"page","link":"https:\/\/epargnevision.ch\/pt-pt\/formulario-de-credito-simples\/","title":{"rendered":"Formul\u00e1rio de cr\u00e9dito simples"},"content":{"rendered":"<p>[et_pb_section fb_built=&#8221;1&#8243; module_id=&#8221;pg_header_form&#8221; _builder_version=&#8221;3.25.3&#8243; background_color=&#8221;#0c71c3&#8243; min_height=&#8221;203px&#8221; custom_padding=&#8221;35px||0px|||&#8221;][et_pb_row custom_padding=&#8221;||5px|||&#8221; custom_margin=&#8221;-3px|auto||auto||&#8221; _builder_version=&#8221;3.25.3&#8243;][et_pb_column type=&#8221;4_4&#8243; _builder_version=&#8221;3.25.3&#8243;][et_pb_text _builder_version=&#8221;3.25.3&#8243; text_font=&#8221;||||||||&#8221; text_text_color=&#8221;#ffffff&#8221; text_font_size=&#8221;50px&#8221; custom_margin=&#8221;||41px|||&#8221; text_line_height_phone=&#8221;1.5em&#8221; text_line_height_last_edited=&#8221;on|phone&#8221;]<strong>PEDIDO&nbsp;<\/strong><strong> ONLINE<\/strong>[\/et_pb_text][et_pb_text _builder_version=&#8221;3.25.3&#8243; text_font=&#8221;Actor||||||||&#8221; text_text_color=&#8221;#ededed&#8221; text_font_size=&#8221;31px&#8221; custom_margin=&#8221;8px|||||&#8221; custom_padding=&#8221;||0px|||&#8221; text_line_height_phone=&#8221;1.9em&#8221; text_line_height_last_edited=&#8221;on|desktop&#8221;]\u00c9 simples, r\u00e1pido e discreto[\/et_pb_text][\/et_pb_column][\/et_pb_row][\/et_pb_section][et_pb_section fb_built=&#8221;1&#8243; _builder_version=&#8221;3.25.3&#8243; width=&#8221;100%&#8221; max_width=&#8221;100%&#8221; min_height=&#8221;519px&#8221; min_height_tablet=&#8221;738px&#8221; min_height_phone=&#8221;813px&#8221; min_height_last_edited=&#8221;on|phone&#8221; max_height_last_edited=&#8221;off|desktop&#8221; custom_padding=&#8221;0px||0px|||&#8221;][et_pb_row custom_padding=&#8221;0px||0px|||&#8221; custom_margin=&#8221;50px||&#8221; _builder_version=&#8221;3.25.3&#8243; width=&#8221;100%&#8221; max_width=&#8221;2560px&#8221; min_height_phone=&#8221;1000px&#8221; min_height_last_edited=&#8221;off|desktop&#8221; custom_margin_last_edited=&#8221;on|phone&#8221; hover_enabled=&#8221;0&#8243; custom_margin_phone=&#8221;0px||&#8221;][et_pb_column type=&#8221;4_4&#8243; _builder_version=&#8221;3.25.3&#8243;][et_pb_code _builder_version=&#8221;3.25.3&#8243; custom_padding=&#8221;||0px|||&#8221;]<div id=\"cs-form\" class=\"pgcs\" data-t1=\"7.9\" data-t2=\"7.9\" data-t3=\"11.9\">\n\n\t\n\t\n\t\n\n\n\t<form method=\"post\" enctype=\"multipart\/form-data\" action=\"https:\/\/epargnevision.ch\/wp-admin\/admin-post.php\" onsubmit=\"return pg_submit();\">\n\t\t<input type=\"hidden\" name=\"action\" value=\"pgcs_send_form\">\n\t\t<input type=\"hidden\" name=\"form_size_big\" value=\"\">\n\t\t<input type=\"hidden\" name=\"app_fb\" id=\"fb\" value=\"\">\n\t\t<div class=\"pgcs__wrapper\">\n\t\t\t<div id=\"form1_small\" class=\"row justify-content-center form1\">\n\t\t\t\t<div class=\"col-md-5 pg_csform_col pgcs_col_margin pg_1st_col\">\n\t\t\t\t\t<div class=\"pgcs__mens-box\">\n\t\t\t\t\t\t<div class=\"row pgcs__mens\">\n\t\t\t\t\t\t\t<div class=\"col-md-12 order-md-1 pgcs_col_space\">\n\t\t\t\t\t\t\t\t<div class=\"pgcs_montant_duree\">\n\t\t\t\t\t\t\t\t\tValor do cr\u00e9dito\t\t\t\t\t\t\t\t<\/div>\n\t\t\t\t\t\t\t\t<div>\n\t\t\t\t\t\t\t\t\t<div class=\" slider-box \">\n\t\t\t\t\t\t\t\t\t\t<label class=\"pgcs__big-input\">\n\t\t\t\t\t\t\t\t\t\t\t<span class=\"pgcs__montant pgcs_input_value pg_24012023_dn\"><\/span>\n\t\t\t\t\t\t\t\t\t\t<\/label>\n\t\t\t\t\t\t\t\t\t<\/div>\n\t\t\t\t\t\t\t\t\t<input class=\"pgcs__montant-slider pg_24012023_db\" name=\"montant_real\" type=\"number\" onClick=\"this.select();\" data-slider-value=\"20000\" data-slider-step=\"1000\" data-slider-min=\"3000\" data-slider-max=\"150000\" required>\n\t\t\t\t\t\t\t\t\t<span class=\"pg_24012023_db pg_25012023_txt_01\" style=\"display:none;\">CHF<\/span>\n\t\t\t\t\t\t\t\t<\/div>\n\t\t\t\t\t\t\t<\/div>\n\t\t\t\t\t\t\t<div class=\"col-md-12 order-md-1\">\n\t\t\t\t\t\t\t\t<div class=\"pgcs_montant_duree\">\n\t\t\t\t\t\t\t\t\tDura\u00e7\u00e3o em meses\t\t\t\t\t\t\t\t<\/div>\n\t\t\t\t\t\t\t\t<div>\n\t\t\t\t\t\t\t\t\t<div class=\" slider-box \">\n\t\t\t\t\t\t\t\t\t\t<label class=\"pgcs__big-input\">\n\t\t\t\t\t\t\t\t\t\t\t<span class=\"pgcs__duree pgcs_input_value pg_24012023_dn\"><\/span>\n\t\t\t\t\t\t\t\t\t\t<\/label>\n\t\t\t\t\t\t\t\t\t<\/div>\n\t\t\t\t\t\t\t\t\t<input class=\"pgcs__duree-slider pg_24012023_db\" name=\"duree_real\" type=\"number\" onClick=\"this.select();\" data-slider-value=\"84\" data-slider-step=\"1\" data-slider-min=\"12\" data-slider-max=\"84\" required>\n\t\t\t\t\t\t\t\t\t<span class=\"pg_24012023_db pg_25012023_txt\" style=\"display:none;\">M\u00eas<\/span>\n\t\t\t\t\t\t\t\t<\/div>\n\t\t\t\t\t\t\t<\/div>\n\t\t\t\t\t\t<\/div>\n\t\t\t\t\t<\/div>\n\t\t\t\t<\/div>\n\t\t\t\t<div class=\"col-md-5 pg_csform_col pgcs_col_margin pg_2nd_col\">\n\t\t\t\t\t<div class=\"pgcs__mens-box\">\n\t\t\t\t\t\t<div class=\"row pgcs__mens\">\n\t\t\t\t\t\t\t<div class=\"col-sm-12\">\n\t\t\t\t\t\t\t\t<div class=\"pgcs__mens-montant\">\n\t\t\t\t\t\t\t\t\tMensalidade a partir de  <span class=\"pgcs__mens-1\"><\/span>\n\t\t\t\t\t\t\t\t<\/div>\n\t\t\t\t\t\t\t\t<div class=\"pgcs__mens-head\">\n\t\t\t\t\t\t\t\t\tpara uma  taxa de 7.9% *\n\t\t\t\t\t\t\t\t<\/div>\n\t\t\t\t\t\t\t\t<div class=\"pgcs__mens-conditions\">\n\t\t\t\t\t\t\t\t\tA legisla\u00e7\u00e3o estipula que a concess\u00e3o de um cr\u00e9dito \u00e9 proibida se causar um excesso de endividamento (artigo 3 do LCD).\t\t\t\t\t\t\t\t<\/div>\n\t\t\t\t\t\t\t<\/div>\n\t\t\t\t\t\t<\/div>\n\t\t\t\t\t<\/div>\n\t\t\t\t\t<div class=\"pgcs_btn_center\">\n\t\t\t\t\t\t<button type=\"button\" id=\"btn_next1_small\" class=\"pgcs_btn_validation_all\">\n\t\t\t\t\t\t\tValidar\t\t\t\t\t\t<\/button>\n\t\t\t\t\t<\/div>\n\t\t\t\t<\/div>\n\t\t\t\t<div class=\"pgcs_text_taux col-md-12\">\n\t\t\t\t\t<div class=\"pgcs__mens-box\">\n\t\t\t\t\t\t<div class=\"row pgcs__mens\">\n\t\t\t\t\t\t\t<div class=\"col-sm-12\">\n\t\t\t\t\t\t\t\t*As taxas s\u00e3o indicativas. A taxa de juro anual efectiva situa-se entre 7,9% e 10,95% e \u00e9 calculada em fun\u00e7\u00e3o da sua situa\u00e7\u00e3o financeira. Para um montante de CHF 20.000 e uma taxa de juro de 10,95%, os custos totais incorridos s\u00e3o de CHF 8.270,20 durante 84 meses. Cada processo \u00e9 tratado individualmente e de acordo com as condi\u00e7\u00f5es dos nossos parceiros. \n\t\t\t\t\t\t\t<\/div>\n\t\t\t\t\t\t<\/div>\n\t\t\t\t\t<\/div>\n\t\t\t\t<\/div>\n\t\t\t<\/div>\n\t\t\t<div id=\"form2_small\" style=\"display:none;\" class=\"pg_csform2_col\">\n\t\t\t\t<div class=\"form2\">\n\n\t\t\t\t\t<div class=\"col-md-12\">\n\n\t\t\t\t\t\t<div class=\"pgcs_montant_duree\">Informa\u00e7\u00f5es<\/div>\n\t\t\t\t\t\t<br>\n\t\t\t\t\t\t<br>\n\t\t\t\t\t<\/div>\n\n\t\t\t\t\t<div class=\"row\">\n\t\t\t\t\t\t<div class=\"col-md-6\">\n\t\t\t\t\t\t\t<label class=\" input\">\n\t\t\t\t\t\t\t\t<span class=\"input-label\">Nome*<\/span>\n\t\t\t\t\t\t\t\t<input class=\"input-field\" tabindex=\"1\" name=\"nom\" type=\"text\" placeholder=\"Nome*\" required>\n\t\t\t\t\t\t\t<\/label>\n\t\t\t\t\t\t<\/div>\n\t\t\t\t\t\t<div class=\"col-md-6\">\n\t\t\t\t\t\t\t<label class=\"input\">\n\t\t\t\t\t\t\t\t<span class=\"input-label\">Apelido*<\/span>\n\t\t\t\t\t\t\t\t<input class=\"input-field\" tabindex=\"2\" name=\"prenom\" type=\"text\" placeholder=\"Apelido*\" required>\n\t\t\t\t\t\t\t<\/label>\n\t\t\t\t\t\t<\/div>\n\t\t\t\t\t<\/div>\n\t\t\t\t\t<div class=\"row\">\n\t\t\t\t\t\t<div class=\"col-md-6\">\n\t\t\t\t\t\t\t<label class=\" input\">\n\t\t\t\t\t\t\t\t<span class=\"input-label\">Data de nascimento*<\/span>\n\t\t\t\t\t\t\t\t<input class=\"input-field\" tabindex=\"3\" name=\"naissance\" type=\"text\" placeholder=\"Data de nascimento*\" required>\n\t\t\t\t\t\t\t<\/label>\n\t\t\t\t\t\t<\/div>\n\t\t\t\t\t\t<div class=\"col-md-6\">\n\t\t\t\t\t\t\t<label class=\"\">\n\t\t\t\t\t\t\t\t<select required id=\"etatcivil\" name=\"etatcivil\" tabindex=\"4\">\n\t\t\t\t\t\t\t\t<option value=\"Etat Civil\"  selected disabled hidden>Estado civil *<\/option>\n\t\t\t\t\t\t\t\t\t<option value=\"Celibataire\">Solteiro<\/option>\n\t\t\t\t\t\t\t\t\t<option value=\"Mari\u00e9\">Casado(a)<\/option>\n\t\t\t\t\t\t\t\t\t<option value=\"Divorc\u00e9\">Divorciado(a)<\/option>\n\t\t\t\t\t\t\t\t\t<option value=\"Veuf\">Vi\u00favo(a)<\/option>\n\t\t\t\t\t\t\t\t\t<option value=\"Autre\">Outro<\/option>\n\t\t\t\t\t\t\t\t<\/select>\n\t\t\t\t\t\t\t<\/label>\n\t\t\t\t\t\t<\/div>\n\t\t\t\t\t<\/div>\n\n\t\t\t\t\t<div class=\"row\">\n\t\t\t\t\t\t<div class=\"col-md-6\">\n\t\t\t\t\t\t\t<label class=\" input\">\n\t\t\t\t\t\t\t\t<span class=\"input-label\">Rua*<\/span>\n\t\t\t\t\t\t\t\t<input class=\"input-field\" tabindex=\"5\" name=\"rues\" type=\"text\" placeholder=\"Rua*\" required>\n\t\t\t\t\t\t\t<\/label>\n\t\t\t\t\t\t<\/div>\n\t\t\t\t\t\t<div class=\"col-md-6\">\n\t\t\t\t\t\t\t<label class=\" input\">\n\t\t\t\t\t\t\t\t<span class=\"input-label\">N\u00b0*<\/span>\n\t\t\t\t\t\t\t\t<input class=\"input-field\" tabindex=\"6\" name=\"number\" type=\"text\" placeholder=\"N\u00b0*\" required>\n\t\t\t\t\t\t\t<\/label>\n\t\t\t\t\t\t<\/div>\n\t\t\t\t\t<\/div>\n\n\t\t\t\t\t<div class=\"row\">\n\t\t\t\t\t\t<div class=\"col-md-6\">\n\t\t\t\t\t\t\t<label class=\" input\">\n\t\t\t\t\t\t\t\t<span class=\"input-label\">C\u00f3digo postal*<\/span>\n\t\t\t\t\t\t\t\t<input class=\"input-field\" tabindex=\"7\" name=\"npa\" type=\"text\" placeholder=\"C\u00f3digo postal*\" required>\n\t\t\t\t\t\t\t<\/label>\n\t\t\t\t\t\t<\/div>\n\t\t\t\t\t\t<div class=\"col-md-6\">\n\t\t\t\t\t\t\t<label class=\" input\">\n\t\t\t\t\t\t\t\t<span class=\"input-label\">Localidade*<\/span>\n\t\t\t\t\t\t\t\t<input class=\"input-field\" tabindex=\"8\" name=\"localite\" type=\"text\" placeholder=\"Localidade*\" required>\n\t\t\t\t\t\t\t<\/label>\n\t\t\t\t\t\t<\/div>\n\t\t\t\t\t<\/div>\n\n\t\t\t\t\t<div class=\"row\">\n\t\t\t\t\t\t<div class=\"col-md-6\">\n\t\t\t\t\t\t\t<label class=\" input\">\n\t\t\t\t\t\t\t\t<span class=\"input-label\">Telem\u00f3vel*<\/span>\n\t\t\t\t\t\t\t\t<input class=\"input-field\" tabindex=\"9\" name=\"phone\" type=\"text\" placeholder=\"Telem\u00f3vel*\" required>\n\t\t\t\t\t\t\t<\/label>\n\t\t\t\t\t\t<\/div>\n\t\t\t\t\t\t<div class=\"col-md-6\">\n\t\t\t\t\t\t\t<label class=\" input\">\n\t\t\t\t\t\t\t\t<span class=\"input-label\">Endere\u00e7o e-mail*<\/span>\n\t\t\t\t\t\t\t\t<input class=\"input-field\" tabindex=\"10\" name=\"email\" type=\"text\" placeholder=\"Endere\u00e7o e-mail*\" required>\n\t\t\t\t\t\t\t<\/label>\n\t\t\t\t\t\t<\/div>\n\t\t\t\t\t<\/div>\n\n\t\t\t\t\t<div class=\"row\">\n\t\t\t\t\t\t<div class=\"col-md-6\">\n\t\t\t\t\t\t\t<label class=\" input\">\n\t\t\t\t\t\t\t\t<span class=\"input-label\">Sal\u00e1rio mensal*<\/span>\n\t\t\t\t\t\t\t\t<input class=\"input-field\" tabindex=\"11\" name=\"salaire\" type=\"text\" placeholder=\"Sal\u00e1rio mensal*\" required>\n\t\t\t\t\t\t\t<\/label>\n\t\t\t\t\t\t<\/div>\n\t\t\t\t\t\t<div class=\"col-md-6\">\n\t\t\t\t\t\t\t<label class=\" input\">\n\t\t\t\t\t\t\t\t<select required id=\"nbsalaires\" tabindex=\"12\" name=\"nbsalaires\">\n\t\t\t\t\t\t\t\t\t<option value=\"valeur0\" selected disabled hidden>N\u00famero de sal\u00e1rios*<\/option>\n\t\t\t\t\t\t\t\t\t<option value=\"Salaire horaire\">Hor\u00e1rio<\/option>\n\t\t\t\t\t\t\t\t\t<option value=\"Salaire 12x\">12x<\/option>\n\t\t\t\t\t\t\t\t\t<option value=\"Salaire 13x\">13x<\/option>\n\t\t\t\t\t\t\t\t\t<option value=\"Salaire 14x\">14x<\/option>\n\t\t\t\t\t\t\t\t<\/select>\n\t\t\t\t\t\t\t<\/label>\n\t\t\t\t\t\t<\/div>\n\t\t\t\t\t<\/div>\n\t\t\t\t\t<div class=\"row\">\n\t\t\t\t\t\t<div class=\"col-md-12\">\n\t\t\t\t\t\t\t<div class=\"form-check\">\n\t\t\t\t\t\t\t\t<input class=\"form-check-input\" tabindex=\"13\" type=\"checkbox\" id=\"accept\" name=\"accept\" required>\n\t\t\t\t\t\t\t\t<label id=\"pgcs__legal2\" class=\"form-check-label\" for=\"accept\">\n\t\t\t\t\t\t\t\t\tConfirmo que li as <a target=\"_blank\" href=\"https:\/\/epargnevision.ch\/wp-content\/uploads\/Disclaimer-4.pdf\">informa\u00e7\u00f5es<\/a> na totalidade e declaro que as aceito em todos os aspectos\t\t\t\t\t\t\t\t<\/label>\n\t\t\t\t\t\t\t<\/div>\n\t\t\t\t\t\t<\/div>\n\t\t\t\t\t<\/div>\n\t\t\t\t\t<div class=\"row\">\n\t\t\t\t\t\t<div class=\"col-md-12\">\n\t\t\t\t\t\t\t<div id=\"pgchangecolor\" class=\"g-recaptcha\" tabindex=\"13\" data-sitekey=\"6LcsHKsUAAAAAPZJnPMFw2UpsZbaiSEwy5X31JBB\" style=\"float: center;\"><\/div>\n\t\t\t\t\t\t<\/div>\n\t\t\t\t\t<\/div>\n\t\t\t\t<\/div>\n\t\t\t\t<div class=\"row\">\n\t\t\t\t\t<div class=\"col-6 pg_media_767\">\n\t\t\t\t\t\t<div class=\"pgcs_btn_f4_left\">\n\t\t\t\t\t\t\t<button type=\"button\" id=\"btn_before_small\" tabindex=\"14\" class=\"pgcs_btn_validation_return\">\n\t\t\t\t\t\t\t\tVoltar \n\t\t\t\t\t\t\t<\/button>\n\t\t\t\t\t\t<\/div>\n\t\t\t\t\t<\/div>\n\t\t\t\t\t<div class=\"col-6 pg_media_767\">\n\t\t\t\t\t\t<div class=\"pgcs_btn_f4_right\">\n\t\t\t\t\t\t\t<button id=\"pg_btn_submit\" type=\"submit\" tabindex=\"15\" class=\"pgcs_btn_validation_all\" >\n\t\t\t\t\t\t\t\tSeja Contactado\t\t\t\t\t\t\t<\/button>\n\t\t\t\t\t\t<\/div>\n\t\t\t\t\t<\/div>\n\t\t\t\t<\/div>\n\t\t\t<\/div>\n\t<\/form>\n<\/div>\n<script>\n\tfunction pg_submit()\n\t{\n\t\tvar captcha = grecaptcha.getResponse();\n\t\tvar w = window.innerWidth;\n\n\t\tif(w < 767)\n\t\t{\n\t\t\treturn true;\n\t\t}\n\t\telse if(captcha.length == 0)\n\t\t{\n\t\t\tvar element = document.getElementById(\"pgchangecolor\");\n\t\t\telement.classList.add(\"test\");\n\t\t\treturn false;\n\t\t}\n\t\telse\n\t\t{\t\n\t\t\treturn true;\n\t\t}\n\t}\n\ndocument.addEventListener(\"DOMContentLoaded\", function(){\n\t\tvar w = window.innerWidth;\n\n\t\tif (w < 767)\n\t\t{\n\t\t\tvar slider = document.getElementsByClassName('slider'), i;\n\t\t\tvar title = document.getElementsByClassName('pgcs_montant_duree'), i;\n\t\t\tvar g_section = document.getElementsByClassName('g-recaptcha'), i;\n\t\t\tvar elemfb = document.getElementById(\"fb\");\n\t\t\telemfb.value =\"true\";\n\t\t\t\n\n\t\t\tfor (i = 0; i < slider.length; i += 1) {\n\t\t\t\tslider[i].style.display = 'none';\n\t\t\t}\n\n\t\t\tfor (i = 0; i < title.length; i += 1) {\n\t\t\t\ttitle[i].style.marginBottom = \"10px\";\n\t\t\t}\n\n\t\t\tfor (i = 0; i < g_section.length; i += 1) {\n\t\t\t\tg_section[i].style.display = 'none';\n\t\t\t}\n\t\t}\n});\n\n\n\/* TEST FACEBOOK *\/\n\/*\nfunction pg_submit()\n\t{\n\t\tvar captcha = grecaptcha.getResponse();\n\n\t\tif(isFacebookApp() === true)\n\t\t{\n\t\t\treturn true;\n\t\t}\n\t\telse if(captcha.length == 0)\n\t\t{\n\t\t\tvar element = document.getElementById(\"pgchangecolor\");\n\t\t\telement.classList.add(\"test\");\n\t\t\treturn false;\n\t\t}\n\t\telse\n\t\t{\t\n\t\t\treturn true;\n\t\t}\n\t}\n\n\tfunction isFacebookApp() {\n    var ua = navigator.userAgent || navigator.vendor || window.opera;\n    return (ua.indexOf(\"FBAN\") > -1) || (ua.indexOf(\"FBAV\") > -1);\n}\n\ndocument.addEventListener(\"DOMContentLoaded\", function(){\n\tif(isFacebookApp() === true){\n\t\tvar w = window.innerWidth;\n\t\tvar elemfb = document.getElementById(\"fb\");\n\t\telemfb.value =\"true\";\n\n\t\tif (w < 767)\n\t\t{\n\t\t\tvar slider = document.getElementsByClassName('slider'), i;\n\t\t\tvar title = document.getElementsByClassName('pgcs_montant_duree'), i;\n\t\t\tvar g_section = document.getElementsByClassName('g-recaptcha'), i;\n\t\t\t\n\n\t\t\tfor (i = 0; i < slider.length; i += 1) {\n\t\t\t\tslider[i].style.display = 'none';\n\t\t\t}\n\n\t\t\tfor (i = 0; i < title.length; i += 1) {\n\t\t\t\ttitle[i].style.marginBottom = \"10px\";\n\t\t\t}\n\n\t\t\tfor (i = 0; i < g_section.length; i += 1) {\n\t\t\t\tg_section[i].style.display = 'none';\n\t\t\t}\n\t\t}\n\t}\n});\n\n*\/\n\n\n\n<\/script>\n\n\n\n<!-- reCaptcha -->\n<script src=\"https:\/\/www.google.com\/recaptcha\/api.js\" async defer><\/script>[\/et_pb_code][\/et_pb_column][\/et_pb_row][\/et_pb_section][et_pb_section fb_built=&#8221;1&#8243; module_id=&#8221;pg_footer_form&#8221; _builder_version=&#8221;3.25.3&#8243; background_color=&#8221;#0c71c3&#8243; background_image=&#8221;https:\/\/epargnevision.ch\/wp-content\/uploads\/insurance-02.png&#8221; background_size=&#8221;contain&#8221; background_position=&#8221;top_right&#8221; custom_margin_phone=&#8221;0px||&#8221; custom_margin_last_edited=&#8221;on|phone&#8221; custom_padding=&#8221;0px||0px|||&#8221; top_divider_style=&#8221;curve&#8221; top_divider_color=&#8221;#ffffff&#8221; top_divider_height=&#8221;41px&#8221; top_divider_flip=&#8221;vertical&#8221; top_divider_height_tablet=&#8221;35px&#8221; top_divider_height_phone=&#8221;19px&#8221; top_divider_height_last_edited=&#8221;on|phone&#8221;][et_pb_row _builder_version=&#8221;3.25.3&#8243; background_color=&#8221;rgba(0,0,0,0)&#8221;][et_pb_column type=&#8221;4_4&#8243; _builder_version=&#8221;3.25.3&#8243;][et_pb_text _builder_version=&#8221;3.25.3&#8243; text_font=&#8221;||||||||&#8221; text_text_align=&#8221;center&#8221; text_text_color=&#8221;#ffffff&#8221; text_font_size=&#8221;30px&#8221; text_text_shadow_style=&#8221;preset3&#8243; custom_margin=&#8221;||21px|||&#8221; text_font_size_tablet=&#8221;26px&#8221; text_font_size_phone=&#8221;20px&#8221; text_font_size_last_edited=&#8221;on|phone&#8221;]O que os clientes dizem sobre n\u00f3s[\/et_pb_text][et_pb_slider _builder_version=&#8221;3.25.3&#8243; custom_padding=&#8221;12px||8px|||&#8221;][et_pb_slide _builder_version=&#8221;3.25.3&#8243; background_color=&#8221;rgba(0,0,0,0)&#8221;]<i>&#8220;H\u00e1 v\u00e1rios anos que somos clientes da <b>Epargne Vision Conseils<\/b>. Tivemos sempre um servi\u00e7o <b>r\u00e1pido<\/b> e <b> de cortesia<\/b>. O acompanhamento dos pedidos \u00e9 realmente profissional. Gostaria de aproveitar esta oportunidade para agradecer a toda a equipa <b>Epargne Vision Conseils<\/b> dos seus bons servi\u00e7os&#8221;<\/i><\/p>\n<p><b>Filipe S.<\/b>, Lausanne[\/et_pb_slide][et_pb_slide _builder_version=&#8221;3.25.3&#8243; background_color=&#8221;rgba(0,0,0,0)&#8221;]<i>&#8220;<b>Epargne Vision Conseils<\/b> oferece um <b>excelente<\/b> servi\u00e7o e apoio p\u00f3s-conselho.  O pessoal \u00e9 cort\u00eas, o director conhece os seus produtos e responde aos pedidos <b>em muito pouco tempo.<\/b> Parab\u00e9ns aos membros desta empresa&#8221;<\/i><\/p>\n<p><b>Christian M.<\/b>, Montreux[\/et_pb_slide][et_pb_slide _builder_version=&#8221;3.25.3&#8243; background_color=&#8221;rgba(0,0,0,0)&#8221;]<i>&#8220;Quando fa\u00e7o seguro, \u00e9 na esperan\u00e7a de que nunca <b>precisar\u00e1<\/b> de us\u00e1-lo. Mas quando o problema bate \u00e0 porta, \u00e9 muito bom ter uma empresa que <b>nos ajude a conseguir isso prote\u00e7\u00e3o<\/b>. \u00c9 o caso de <b>Epargne Vision Conseils<\/b>.&#8221;<\/i><\/p>\n<p><b>Victor G.<\/b>, Fribourg[\/et_pb_slide][et_pb_slide _builder_version=&#8221;3.25.3&#8243; background_color=&#8221;rgba(0,0,0,0)&#8221;]<i>&#8220;Sou cliente de <b>Epargne Vision Conseils<\/b> esde o in\u00edcio em 2008 e mudei muitas vezes de cidade, de emprego e de carro, mas nunca de corretor. Um excelente <b>servi\u00e7o, s\u00e9rio e r\u00e1pido<\/b>. Estas s\u00e3o raz\u00f5es suficientes para permanecer um cliente <b>por mais 10 anos.<\/b>&#8220;<\/i><\/p>\n<p><b>Sarah A.<\/b>, Vevey[\/et_pb_slide][et_pb_slide _builder_version=&#8221;3.25.3&#8243; background_color=&#8221;rgba(0,0,0,0)&#8221;]<i>&#8220;Ningu\u00e9m me concedeu cr\u00e9dito. Na <b>Epargne Vision Conseils<\/b> entendi os pontos fracos do meu arquivo e consegui obter o valor que precisava. Obrigado pela paci\u00eancia e dicas.&#8221;< \/i><\/p>\n<p><b>Katharina B.<\/b>, Morges[\/et_pb_slide][\/et_pb_slider][\/et_pb_column][\/et_pb_row][\/et_pb_section]<\/p>\n","protected":false},"excerpt":{"rendered":"<p>[et_pb_section fb_built=&#8221;1&#8243; module_id=&#8221;pg_header_form&#8221; _builder_version=&#8221;3.25.3&#8243; background_color=&#8221;#0c71c3&#8243; min_height=&#8221;203px&#8221; custom_padding=&#8221;35px||0px|||&#8221;][et_pb_row custom_padding=&#8221;||5px|||&#8221; custom_margin=&#8221;-3px|auto||auto||&#8221; _builder_version=&#8221;3.25.3&#8243;][et_pb_column type=&#8221;4_4&#8243; _builder_version=&#8221;3.25.3&#8243;][et_pb_text _builder_version=&#8221;3.25.3&#8243; text_font=&#8221;||||||||&#8221; text_text_color=&#8221;#ffffff&#8221; text_font_size=&#8221;50px&#8221; custom_margin=&#8221;||41px|||&#8221; text_line_height_phone=&#8221;1.5em&#8221; text_line_height_last_edited=&#8221;on|phone&#8221;]PEDIDO&nbsp; ONLINE[\/et_pb_text][et_pb_text _builder_version=&#8221;3.25.3&#8243; text_font=&#8221;Actor||||||||&#8221; text_text_color=&#8221;#ededed&#8221; text_font_size=&#8221;31px&#8221; custom_margin=&#8221;8px|||||&#8221; custom_padding=&#8221;||0px|||&#8221; text_line_height_phone=&#8221;1.9em&#8221; text_line_height_last_edited=&#8221;on|desktop&#8221;]\u00c9 simples, r\u00e1pido e discreto[\/et_pb_text][\/et_pb_column][\/et_pb_row][\/et_pb_section][et_pb_section fb_built=&#8221;1&#8243; _builder_version=&#8221;3.25.3&#8243; width=&#8221;100%&#8221; max_width=&#8221;100%&#8221; min_height=&#8221;519px&#8221; min_height_tablet=&#8221;738px&#8221; min_height_phone=&#8221;813px&#8221; min_height_last_edited=&#8221;on|phone&#8221; max_height_last_edited=&#8221;off|desktop&#8221; custom_padding=&#8221;0px||0px|||&#8221;][et_pb_row custom_padding=&#8221;0px||0px|||&#8221; custom_margin=&#8221;50px||&#8221; _builder_version=&#8221;3.25.3&#8243; width=&#8221;100%&#8221; max_width=&#8221;2560px&#8221; min_height_phone=&#8221;1000px&#8221; min_height_last_edited=&#8221;off|desktop&#8221; custom_margin_last_edited=&#8221;on|phone&#8221; hover_enabled=&#8221;0&#8243; custom_margin_phone=&#8221;0px||&#8221;][et_pb_column type=&#8221;4_4&#8243; _builder_version=&#8221;3.25.3&#8243;][et_pb_code _builder_version=&#8221;3.25.3&#8243; [&hellip;]<\/p>\n","protected":false},"author":3,"featured_media":0,"parent":0,"menu_order":0,"comment_status":"closed","ping_status":"closed","template":"","meta":{"_et_pb_use_builder":"on","_et_pb_old_content":"","footnotes":""},"_links":{"self":[{"href":"https:\/\/epargnevision.ch\/pt-pt\/wp-json\/wp\/v2\/pages\/7114\/"}],"collection":[{"href":"https:\/\/epargnevision.ch\/pt-pt\/wp-json\/wp\/v2\/pages\/"}],"about":[{"href":"https:\/\/epargnevision.ch\/pt-pt\/wp-json\/wp\/v2\/types\/page\/"}],"author":[{"embeddable":true,"href":"https:\/\/epargnevision.ch\/pt-pt\/wp-json\/wp\/v2\/users\/3\/"}],"replies":[{"embeddable":true,"href":"https:\/\/epargnevision.ch\/pt-pt\/wp-json\/wp\/v2\/comments\/?post=7114"}],"version-history":[{"count":0,"href":"https:\/\/epargnevision.ch\/pt-pt\/wp-json\/wp\/v2\/pages\/7114\/revisions\/"}],"wp:attachment":[{"href":"https:\/\/epargnevision.ch\/pt-pt\/wp-json\/wp\/v2\/media\/?parent=7114"}],"curies":[{"name":"wp","href":"https:\/\/api.w.org\/{rel}","templated":true}]}}